{"id":105,"date":"2018-02-12T14:40:57","date_gmt":"2018-02-12T14:40:57","guid":{"rendered":"http:\/\/pullpistache.com\/index.php\/home\/"},"modified":"2024-03-26T15:44:43","modified_gmt":"2024-03-26T15:44:43","slug":"home","status":"publish","type":"page","link":"https:\/\/pullpistache.com\/","title":{"rendered":"Home"},"content":{"rendered":"\t\t<div data-elementor-type=\"wp-page\" data-elementor-id=\"105\" class=\"elementor elementor-105\">\n\t\t\t\t\t\t<section class=\"elementor-section elementor-top-section elementor-element elementor-element-cfe61e9 elementor-section-boxed elementor-section-height-default elementor-section-height-default\" data-id=\"cfe61e9\" data-element_type=\"section\" data-settings=\"{&quot;background_background&quot;:&quot;classic&quot;}\">\n\t\t\t\t\t\t<div class=\"elementor-container elementor-column-gap-default\">\n\t\t\t\t\t<div class=\"elementor-column elementor-col-100 elementor-top-column elementor-element elementor-element-9ec30a1\" data-id=\"9ec30a1\" data-element_type=\"column\">\n\t\t\t<div class=\"elementor-widget-wrap elementor-element-populated\">\n\t\t\t\t\t\t<div class=\"elementor-element elementor-element-a20c7de elementor-widget elementor-widget-heading\" data-id=\"a20c7de\" data-element_type=\"widget\" data-widget_type=\"heading.default\">\n\t\t\t\t<div class=\"elementor-widget-container\">\n\t\t\t\t\t<h2 class=\"elementor-heading-title elementor-size-default\">Bonjour et bienvenue dans l'univers de pull pistache,<br>pour creer VOTRE marque de mode <\/h2>\t\t\t\t<\/div>\n\t\t\t\t<\/div>\n\t\t\t\t\t<\/div>\n\t\t<\/div>\n\t\t\t\t\t<\/div>\n\t\t<\/section>\n\t\t\t\t<section class=\"elementor-section elementor-top-section elementor-element elementor-element-2a4e21b elementor-section-boxed elementor-section-height-default elementor-section-height-default\" data-id=\"2a4e21b\" data-element_type=\"section\">\n\t\t\t\t\t\t<div class=\"elementor-container elementor-column-gap-default\">\n\t\t\t\t\t<div class=\"elementor-column elementor-col-100 elementor-top-column elementor-element elementor-element-c6171b1\" data-id=\"c6171b1\" data-element_type=\"column\">\n\t\t\t<div class=\"elementor-widget-wrap elementor-element-populated\">\n\t\t\t\t\t\t<div class=\"elementor-element elementor-element-2e9a9a7 elementor-widget elementor-widget-image\" data-id=\"2e9a9a7\" data-element_type=\"widget\" data-widget_type=\"image.default\">\n\t\t\t\t<div class=\"elementor-widget-container\">\n\t\t\t\t\t\t\t\t\t\t\t\t\t\t\t<img fetchpriority=\"high\" decoding=\"async\" width=\"1024\" height=\"615\" src=\"https:\/\/pullpistache.com\/wp-content\/uploads\/2020\/11\/cropped-IMG_4992-1-scaled-1-1024x615.jpg\" class=\"attachment-large size-large wp-image-959\" alt=\"\" srcset=\"https:\/\/pullpistache.com\/wp-content\/uploads\/2020\/11\/cropped-IMG_4992-1-scaled-1-1024x615.jpg 1024w, https:\/\/pullpistache.com\/wp-content\/uploads\/2020\/11\/cropped-IMG_4992-1-scaled-1-300x180.jpg 300w, https:\/\/pullpistache.com\/wp-content\/uploads\/2020\/11\/cropped-IMG_4992-1-scaled-1-768x461.jpg 768w, https:\/\/pullpistache.com\/wp-content\/uploads\/2020\/11\/cropped-IMG_4992-1-scaled-1-1536x922.jpg 1536w, https:\/\/pullpistache.com\/wp-content\/uploads\/2020\/11\/cropped-IMG_4992-1-scaled-1.jpg 2000w\" sizes=\"(max-width: 1024px) 100vw, 1024px\" \/>\t\t\t\t\t\t\t\t\t\t\t\t\t\t\t<\/div>\n\t\t\t\t<\/div>\n\t\t\t\t\t<\/div>\n\t\t<\/div>\n\t\t\t\t\t<\/div>\n\t\t<\/section>\n\t\t\t\t<section class=\"elementor-section elementor-top-section elementor-element elementor-element-a4421ff elementor-section-boxed elementor-section-height-default elementor-section-height-default\" data-id=\"a4421ff\" data-element_type=\"section\" data-settings=\"{&quot;background_background&quot;:&quot;classic&quot;}\">\n\t\t\t\t\t\t<div class=\"elementor-container elementor-column-gap-default\">\n\t\t\t\t\t<div class=\"elementor-column elementor-col-100 elementor-top-column elementor-element elementor-element-abbfcab\" data-id=\"abbfcab\" data-element_type=\"column\">\n\t\t\t<div class=\"elementor-widget-wrap elementor-element-populated\">\n\t\t\t\t\t\t<div class=\"elementor-element elementor-element-2d5f2db elementor-widget elementor-widget-heading\" data-id=\"2d5f2db\" data-element_type=\"widget\" data-widget_type=\"heading.default\">\n\t\t\t\t<div class=\"elementor-widget-container\">\n\t\t\t\t\t<h2 class=\"elementor-heading-title elementor-size-default\">Des astuces et des conseils <\/h2>\t\t\t\t<\/div>\n\t\t\t\t<\/div>\n\t\t\t\t\t<\/div>\n\t\t<\/div>\n\t\t\t\t\t<\/div>\n\t\t<\/section>\n\t\t\t\t<section class=\"elementor-section elementor-top-section elementor-element elementor-element-7973ce5 elementor-section-boxed elementor-section-height-default elementor-section-height-default\" data-id=\"7973ce5\" data-element_type=\"section\">\n\t\t\t\t\t\t<div class=\"elementor-container elementor-column-gap-default\">\n\t\t\t\t\t<div class=\"elementor-column elementor-col-33 elementor-top-column elementor-element elementor-element-b572bab\" data-id=\"b572bab\" data-element_type=\"column\">\n\t\t\t<div class=\"elementor-widget-wrap elementor-element-populated\">\n\t\t\t\t\t\t<div class=\"elementor-element elementor-element-86b627d elementor-widget elementor-widget-heading\" data-id=\"86b627d\" data-element_type=\"widget\" data-widget_type=\"heading.default\">\n\t\t\t\t<div class=\"elementor-widget-container\">\n\t\t\t\t\t<h2 class=\"elementor-heading-title elementor-size-default\">creer<\/h2>\t\t\t\t<\/div>\n\t\t\t\t<\/div>\n\t\t\t\t<div class=\"elementor-element elementor-element-99172ca elementor-widget elementor-widget-text-editor\" data-id=\"99172ca\" data-element_type=\"widget\" data-widget_type=\"text-editor.default\">\n\t\t\t\t<div class=\"elementor-widget-container\">\n\t\t\t\t\t\t\t\t\t<h5>La cr\u00e9ation d&rsquo;un v\u00eatement<\/h5>\t\t\t\t\t\t\t\t<\/div>\n\t\t\t\t<\/div>\n\t\t\t\t<div class=\"elementor-element elementor-element-9dd7cb6 elementor-widget-divider--view-line elementor-widget elementor-widget-divider\" data-id=\"9dd7cb6\" data-element_type=\"widget\" data-widget_type=\"divider.default\">\n\t\t\t\t<div class=\"elementor-widget-container\">\n\t\t\t\t\t\t\t<div class=\"elementor-divider\">\n\t\t\t<span class=\"elementor-divider-separator\">\n\t\t\t\t\t\t<\/span>\n\t\t<\/div>\n\t\t\t\t\t\t<\/div>\n\t\t\t\t<\/div>\n\t\t\t\t<div class=\"elementor-element elementor-element-3939ca7 elementor-widget elementor-widget-text-editor\" data-id=\"3939ca7\" data-element_type=\"widget\" data-widget_type=\"text-editor.default\">\n\t\t\t\t<div class=\"elementor-widget-container\">\n\t\t\t\t\t\t\t\t\t<p>Cr\u00e9er une collection ne se r\u00e9sume pas \u00e0 un joli dessin&#8230;<\/p><p>Avant m\u00eame de dessiner sur la page blanche, il y a l&rsquo;inspiration, un moodboard, une cible, et une organisation d&rsquo;entreprise qui s&rsquo;entre-m\u00ealent.<\/p>\t\t\t\t\t\t\t\t<\/div>\n\t\t\t\t<\/div>\n\t\t\t\t\t<\/div>\n\t\t<\/div>\n\t\t\t\t<div class=\"elementor-column elementor-col-33 elementor-top-column elementor-element elementor-element-c27f96c\" data-id=\"c27f96c\" data-element_type=\"column\">\n\t\t\t<div class=\"elementor-widget-wrap elementor-element-populated\">\n\t\t\t\t\t\t<div class=\"elementor-element elementor-element-054c93f elementor-widget elementor-widget-heading\" data-id=\"054c93f\" data-element_type=\"widget\" data-widget_type=\"heading.default\">\n\t\t\t\t<div class=\"elementor-widget-container\">\n\t\t\t\t\t<h2 class=\"elementor-heading-title elementor-size-default\">coudre<\/h2>\t\t\t\t<\/div>\n\t\t\t\t<\/div>\n\t\t\t\t<div class=\"elementor-element elementor-element-8258b0f elementor-widget elementor-widget-text-editor\" data-id=\"8258b0f\" data-element_type=\"widget\" data-widget_type=\"text-editor.default\">\n\t\t\t\t<div class=\"elementor-widget-container\">\n\t\t\t\t\t\t\t\t\t<h5>La fabrication d&rsquo;un v\u00eatement<\/h5>\t\t\t\t\t\t\t\t<\/div>\n\t\t\t\t<\/div>\n\t\t\t\t<div class=\"elementor-element elementor-element-f5a9c76 elementor-widget-divider--view-line elementor-widget elementor-widget-divider\" data-id=\"f5a9c76\" data-element_type=\"widget\" data-widget_type=\"divider.default\">\n\t\t\t\t<div class=\"elementor-widget-container\">\n\t\t\t\t\t\t\t<div class=\"elementor-divider\">\n\t\t\t<span class=\"elementor-divider-separator\">\n\t\t\t\t\t\t<\/span>\n\t\t<\/div>\n\t\t\t\t\t\t<\/div>\n\t\t\t\t<\/div>\n\t\t\t\t<div class=\"elementor-element elementor-element-ea93f33 elementor-widget elementor-widget-text-editor\" data-id=\"ea93f33\" data-element_type=\"widget\" data-widget_type=\"text-editor.default\">\n\t\t\t\t<div class=\"elementor-widget-container\">\n\t\t\t\t\t\t\t\t\t<p><span style=\"font-size: 1rem;\">Surpiquer, couture anglaise, cranter, faire les patrons, les prototypes&#8230;\u00a0<\/span><\/p><p><span style=\"font-size: 1rem;\">Le dessin est fait, fi\u00e8r(e) de son imagination et s\u00fbr(e) que le plus dur est fait. Erreur&#8230; Ce n&rsquo;est que le d\u00e9but de l&rsquo;aventure <\/span><em style=\"font-size: 1rem;\">(ou des probl\u00e8mes, \u00e7a d\u00e9pend du niveau d&rsquo;optimisme que vous avez).<\/em><\/p>\t\t\t\t\t\t\t\t<\/div>\n\t\t\t\t<\/div>\n\t\t\t\t\t<\/div>\n\t\t<\/div>\n\t\t\t\t<div class=\"elementor-column elementor-col-33 elementor-top-column elementor-element elementor-element-1b06060\" data-id=\"1b06060\" data-element_type=\"column\">\n\t\t\t<div class=\"elementor-widget-wrap elementor-element-populated\">\n\t\t\t\t\t\t<div class=\"elementor-element elementor-element-e5974bc elementor-widget elementor-widget-heading\" data-id=\"e5974bc\" data-element_type=\"widget\" data-widget_type=\"heading.default\">\n\t\t\t\t<div class=\"elementor-widget-container\">\n\t\t\t\t\t<h2 class=\"elementor-heading-title elementor-size-default\">vendre<\/h2>\t\t\t\t<\/div>\n\t\t\t\t<\/div>\n\t\t\t\t<div class=\"elementor-element elementor-element-f518700 elementor-widget elementor-widget-text-editor\" data-id=\"f518700\" data-element_type=\"widget\" data-widget_type=\"text-editor.default\">\n\t\t\t\t<div class=\"elementor-widget-container\">\n\t\t\t\t\t\t\t\t\t<h5>La mise en vente d&rsquo;un v\u00eatement<\/h5>\t\t\t\t\t\t\t\t<\/div>\n\t\t\t\t<\/div>\n\t\t\t\t<div class=\"elementor-element elementor-element-176183f elementor-widget-divider--view-line elementor-widget elementor-widget-divider\" data-id=\"176183f\" data-element_type=\"widget\" data-widget_type=\"divider.default\">\n\t\t\t\t<div class=\"elementor-widget-container\">\n\t\t\t\t\t\t\t<div class=\"elementor-divider\">\n\t\t\t<span class=\"elementor-divider-separator\">\n\t\t\t\t\t\t<\/span>\n\t\t<\/div>\n\t\t\t\t\t\t<\/div>\n\t\t\t\t<\/div>\n\t\t\t\t<div class=\"elementor-element elementor-element-78aabd3 elementor-widget elementor-widget-text-editor\" data-id=\"78aabd3\" data-element_type=\"widget\" data-widget_type=\"text-editor.default\">\n\t\t\t\t<div class=\"elementor-widget-container\">\n\t\t\t\t\t\t\t\t\t<p>Un univers de collection n&rsquo;est pas un univers de marque.<\/p><p>L&rsquo;objectif premier pour certains cr\u00e9ateurs n&rsquo;est pas d&rsquo;en vivre mais de g\u00e9n\u00e9rer assez de profit pour cr\u00e9er la prochaine collection qui fera vibrer leur quotidien. Si nous pouvions \u00e9galement faire de la marge et cr\u00e9er une marque de mode solide, \u00e7a nous arrangerait non ?<\/p>\t\t\t\t\t\t\t\t<\/div>\n\t\t\t\t<\/div>\n\t\t\t\t\t<\/div>\n\t\t<\/div>\n\t\t\t\t\t<\/div>\n\t\t<\/section>\n\t\t\t\t<section class=\"elementor-section elementor-top-section elementor-element elementor-element-9a0b419 elementor-section-boxed elementor-section-height-default elementor-section-height-default\" data-id=\"9a0b419\" data-element_type=\"section\" data-settings=\"{&quot;background_background&quot;:&quot;classic&quot;}\">\n\t\t\t\t\t\t<div class=\"elementor-container elementor-column-gap-default\">\n\t\t\t\t\t<div class=\"elementor-column elementor-col-100 elementor-top-column elementor-element elementor-element-ff67e78\" data-id=\"ff67e78\" data-element_type=\"column\">\n\t\t\t<div class=\"elementor-widget-wrap elementor-element-populated\">\n\t\t\t\t\t\t<div class=\"elementor-element elementor-element-44801a4 elementor-widget elementor-widget-heading\" data-id=\"44801a4\" data-element_type=\"widget\" data-widget_type=\"heading.default\">\n\t\t\t\t<div class=\"elementor-widget-container\">\n\t\t\t\t\t<h2 class=\"elementor-heading-title elementor-size-default\">Ce qu'ils pensent de PULL PISTACHE <\/h2>\t\t\t\t<\/div>\n\t\t\t\t<\/div>\n\t\t\t\t\t<\/div>\n\t\t<\/div>\n\t\t\t\t\t<\/div>\n\t\t<\/section>\n\t\t\t\t<section class=\"elementor-section elementor-top-section elementor-element elementor-element-e1db52b elementor-section-boxed elementor-section-height-default elementor-section-height-default\" data-id=\"e1db52b\" data-element_type=\"section\">\n\t\t\t\t\t\t<div class=\"elementor-container elementor-column-gap-default\">\n\t\t\t\t\t<div class=\"elementor-column elementor-col-100 elementor-top-column elementor-element elementor-element-d23b94e\" data-id=\"d23b94e\" data-element_type=\"column\">\n\t\t\t<div class=\"elementor-widget-wrap elementor-element-populated\">\n\t\t\t\t\t\t<section class=\"elementor-section elementor-inner-section elementor-element elementor-element-77d8f68 elementor-section-boxed elementor-section-height-default elementor-section-height-default\" data-id=\"77d8f68\" data-element_type=\"section\">\n\t\t\t\t\t\t<div class=\"elementor-container elementor-column-gap-default\">\n\t\t\t\t\t<div class=\"elementor-column elementor-col-66 elementor-inner-column elementor-element elementor-element-1eb4ab7\" data-id=\"1eb4ab7\" data-element_type=\"column\">\n\t\t\t<div class=\"elementor-widget-wrap elementor-element-populated\">\n\t\t\t\t\t\t<div class=\"elementor-element elementor-element-d8da2e4 elementor-widget elementor-widget-text-editor\" data-id=\"d8da2e4\" data-element_type=\"widget\" data-widget_type=\"text-editor.default\">\n\t\t\t\t<div class=\"elementor-widget-container\">\n\t\t\t\t\t\t\t\t\t<p><strong>\u00ab\u00a0Une mine d&rsquo;or.\u00a0\u00bb<\/strong><\/p><p><strong>\u00ab\u00a0Merci pour le partage qui nous aide beaucoup\u00a0\u00bb<\/strong><\/p><p><em>Anonymes &#8211;\u00a0<\/em><em style=\"font-size: 1rem;\">Commentaires visibles sur les vid\u00e9os dossier technique + ligne de v\u00eatement<\/em><\/p>\t\t\t\t\t\t\t\t<\/div>\n\t\t\t\t<\/div>\n\t\t\t\t\t<\/div>\n\t\t<\/div>\n\t\t\t\t<div class=\"elementor-column elementor-col-33 elementor-inner-column elementor-element elementor-element-e4541d1\" data-id=\"e4541d1\" data-element_type=\"column\">\n\t\t\t<div class=\"elementor-widget-wrap elementor-element-populated\">\n\t\t\t\t\t\t\t<\/div>\n\t\t<\/div>\n\t\t\t\t\t<\/div>\n\t\t<\/section>\n\t\t\t\t<section class=\"elementor-section elementor-inner-section elementor-element elementor-element-76be1cc elementor-section-boxed elementor-section-height-default elementor-section-height-default\" data-id=\"76be1cc\" data-element_type=\"section\">\n\t\t\t\t\t\t<div class=\"elementor-container elementor-column-gap-default\">\n\t\t\t\t\t<div class=\"elementor-column elementor-col-33 elementor-inner-column elementor-element elementor-element-c320b1b\" data-id=\"c320b1b\" data-element_type=\"column\">\n\t\t\t<div class=\"elementor-widget-wrap\">\n\t\t\t\t\t\t\t<\/div>\n\t\t<\/div>\n\t\t\t\t<div class=\"elementor-column elementor-col-66 elementor-inner-column elementor-element elementor-element-9ae5bb6\" data-id=\"9ae5bb6\" data-element_type=\"column\">\n\t\t\t<div class=\"elementor-widget-wrap elementor-element-populated\">\n\t\t\t\t\t\t<div class=\"elementor-element elementor-element-eb4864b elementor-widget elementor-widget-text-editor\" data-id=\"eb4864b\" data-element_type=\"widget\" data-widget_type=\"text-editor.default\">\n\t\t\t\t<div class=\"elementor-widget-container\">\n\t\t\t\t\t\t\t\t\t<p><span style=\"font-weight: bold;\">\u00ab\u00a0J&rsquo;ai d\u00e9couvert vos vid\u00e9os sur Youtube qui sont int\u00e9ressantes et concr\u00e8tes et je vous remercie.\u00a0\u00bb<\/span><\/p><p><em>L\u00e9a &#8211;\u00a0<\/em><em>Message priv\u00e9<\/em><\/p>\t\t\t\t\t\t\t\t<\/div>\n\t\t\t\t<\/div>\n\t\t\t\t\t<\/div>\n\t\t<\/div>\n\t\t\t\t\t<\/div>\n\t\t<\/section>\n\t\t\t\t\t<\/div>\n\t\t<\/div>\n\t\t\t\t\t<\/div>\n\t\t<\/section>\n\t\t\t\t<\/div>\n\t\t","protected":false},"excerpt":{"rendered":"<p>&nbsp; &nbsp;<\/p>\n","protected":false},"author":1,"featured_media":0,"parent":0,"menu_order":0,"comment_status":"closed","ping_status":"closed","template":"","meta":{"saved_in_kubio":true,"footnotes":""},"kubio_ai_page_context":{"short_desc":"","purpose":"general"},"yoast_head":"<!-- This site is optimized with the Yoast SEO plugin v22.8 - https:\/\/yoast.com\/wordpress\/plugins\/seo\/ -->\n<title>Home - PULL PISTACHE<\/title>\n<meta name=\"robots\" content=\"index, follow, max-snippet:-1, max-image-preview:large, max-video-preview:-1\" \/>\n<link rel=\"canonical\" href=\"https:\/\/pullpistache.com\/\" \/>\n<meta property=\"og:locale\" content=\"fr_FR\" \/>\n<meta property=\"og:type\" content=\"article\" \/>\n<meta property=\"og:title\" content=\"Home - PULL PISTACHE\" \/>\n<meta property=\"og:description\" content=\"&nbsp; &nbsp;\" \/>\n<meta property=\"og:url\" content=\"https:\/\/pullpistache.com\/\" \/>\n<meta property=\"og:site_name\" content=\"PULL PISTACHE\" \/>\n<meta property=\"article:publisher\" content=\"https:\/\/www.facebook.com\/pullpistache\/\" \/>\n<meta property=\"article:modified_time\" content=\"2024-03-26T15:44:43+00:00\" \/>\n<meta name=\"twitter:card\" content=\"summary_large_image\" \/>\n<meta name=\"twitter:label1\" content=\"Dur\u00e9e de lecture estim\u00e9e\" \/>\n\t<meta name=\"twitter:data1\" content=\"1 minute\" \/>\n<script type=\"application\/ld+json\" class=\"yoast-schema-graph\">{\"@context\":\"https:\/\/schema.org\",\"@graph\":[{\"@type\":\"WebPage\",\"@id\":\"https:\/\/pullpistache.com\/\",\"url\":\"https:\/\/pullpistache.com\/\",\"name\":\"Home - PULL PISTACHE\",\"isPartOf\":{\"@id\":\"https:\/\/pullpistache.com\/#website\"},\"datePublished\":\"2018-02-12T14:40:57+00:00\",\"dateModified\":\"2024-03-26T15:44:43+00:00\",\"breadcrumb\":{\"@id\":\"https:\/\/pullpistache.com\/#breadcrumb\"},\"inLanguage\":\"fr-FR\",\"potentialAction\":[{\"@type\":\"ReadAction\",\"target\":[\"https:\/\/pullpistache.com\/\"]}]},{\"@type\":\"BreadcrumbList\",\"@id\":\"https:\/\/pullpistache.com\/#breadcrumb\",\"itemListElement\":[{\"@type\":\"ListItem\",\"position\":1,\"name\":\"Accueil\",\"item\":\"https:\/\/pullpistache.com\/\"},{\"@type\":\"ListItem\",\"position\":2,\"name\":\"Home\"}]},{\"@type\":\"WebSite\",\"@id\":\"https:\/\/pullpistache.com\/#website\",\"url\":\"https:\/\/pullpistache.com\/\",\"name\":\"PULL PISTACHE\",\"description\":\"Vous accompagner dans la cr\u00e9ation de votre collection de mode\",\"publisher\":{\"@id\":\"https:\/\/pullpistache.com\/#organization\"},\"potentialAction\":[{\"@type\":\"SearchAction\",\"target\":{\"@type\":\"EntryPoint\",\"urlTemplate\":\"https:\/\/pullpistache.com\/?s={search_term_string}\"},\"query-input\":\"required name=search_term_string\"}],\"inLanguage\":\"fr-FR\"},{\"@type\":\"Organization\",\"@id\":\"https:\/\/pullpistache.com\/#organization\",\"name\":\"PULL PISTACHE\",\"url\":\"https:\/\/pullpistache.com\/\",\"logo\":{\"@type\":\"ImageObject\",\"inLanguage\":\"fr-FR\",\"@id\":\"https:\/\/pullpistache.com\/#\/schema\/logo\/image\/\",\"url\":\"https:\/\/pullpistache.com\/wp-content\/uploads\/2021\/03\/cropped-Logo-Pull-Pistache-icone-02.png\",\"contentUrl\":\"https:\/\/pullpistache.com\/wp-content\/uploads\/2021\/03\/cropped-Logo-Pull-Pistache-icone-02.png\",\"width\":252,\"height\":250,\"caption\":\"PULL PISTACHE\"},\"image\":{\"@id\":\"https:\/\/pullpistache.com\/#\/schema\/logo\/image\/\"},\"sameAs\":[\"https:\/\/www.facebook.com\/pullpistache\/\",\"https:\/\/www.instagram.com\/pull.pistache\/\",\"https:\/\/www.youtube.com\/pullpistache\",\"https:\/\/www.pinterest.fr\/pullpistache\/\"]}]}<\/script>\n<!-- \/ Yoast SEO plugin. -->","yoast_head_json":{"title":"Home - PULL PISTACHE","robots":{"index":"index","follow":"follow","max-snippet":"max-snippet:-1","max-image-preview":"max-image-preview:large","max-video-preview":"max-video-preview:-1"},"canonical":"https:\/\/pullpistache.com\/","og_locale":"fr_FR","og_type":"article","og_title":"Home - PULL PISTACHE","og_description":"&nbsp; &nbsp;","og_url":"https:\/\/pullpistache.com\/","og_site_name":"PULL PISTACHE","article_publisher":"https:\/\/www.facebook.com\/pullpistache\/","article_modified_time":"2024-03-26T15:44:43+00:00","twitter_card":"summary_large_image","twitter_misc":{"Dur\u00e9e de lecture estim\u00e9e":"1 minute"},"schema":{"@context":"https:\/\/schema.org","@graph":[{"@type":"WebPage","@id":"https:\/\/pullpistache.com\/","url":"https:\/\/pullpistache.com\/","name":"Home - PULL PISTACHE","isPartOf":{"@id":"https:\/\/pullpistache.com\/#website"},"datePublished":"2018-02-12T14:40:57+00:00","dateModified":"2024-03-26T15:44:43+00:00","breadcrumb":{"@id":"https:\/\/pullpistache.com\/#breadcrumb"},"inLanguage":"fr-FR","potentialAction":[{"@type":"ReadAction","target":["https:\/\/pullpistache.com\/"]}]},{"@type":"BreadcrumbList","@id":"https:\/\/pullpistache.com\/#breadcrumb","itemListElement":[{"@type":"ListItem","position":1,"name":"Accueil","item":"https:\/\/pullpistache.com\/"},{"@type":"ListItem","position":2,"name":"Home"}]},{"@type":"WebSite","@id":"https:\/\/pullpistache.com\/#website","url":"https:\/\/pullpistache.com\/","name":"PULL PISTACHE","description":"Vous accompagner dans la cr\u00e9ation de votre collection de mode","publisher":{"@id":"https:\/\/pullpistache.com\/#organization"},"potentialAction":[{"@type":"SearchAction","target":{"@type":"EntryPoint","urlTemplate":"https:\/\/pullpistache.com\/?s={search_term_string}"},"query-input":"required name=search_term_string"}],"inLanguage":"fr-FR"},{"@type":"Organization","@id":"https:\/\/pullpistache.com\/#organization","name":"PULL PISTACHE","url":"https:\/\/pullpistache.com\/","logo":{"@type":"ImageObject","inLanguage":"fr-FR","@id":"https:\/\/pullpistache.com\/#\/schema\/logo\/image\/","url":"https:\/\/pullpistache.com\/wp-content\/uploads\/2021\/03\/cropped-Logo-Pull-Pistache-icone-02.png","contentUrl":"https:\/\/pullpistache.com\/wp-content\/uploads\/2021\/03\/cropped-Logo-Pull-Pistache-icone-02.png","width":252,"height":250,"caption":"PULL PISTACHE"},"image":{"@id":"https:\/\/pullpistache.com\/#\/schema\/logo\/image\/"},"sameAs":["https:\/\/www.facebook.com\/pullpistache\/","https:\/\/www.instagram.com\/pull.pistache\/","https:\/\/www.youtube.com\/pullpistache","https:\/\/www.pinterest.fr\/pullpistache\/"]}]}},"_links":{"self":[{"href":"https:\/\/pullpistache.com\/index.php\/wp-json\/wp\/v2\/pages\/105"}],"collection":[{"href":"https:\/\/pullpistache.com\/index.php\/wp-json\/wp\/v2\/pages"}],"about":[{"href":"https:\/\/pullpistache.com\/index.php\/wp-json\/wp\/v2\/types\/page"}],"author":[{"embeddable":true,"href":"https:\/\/pullpistache.com\/index.php\/wp-json\/wp\/v2\/users\/1"}],"replies":[{"embeddable":true,"href":"https:\/\/pullpistache.com\/index.php\/wp-json\/wp\/v2\/comments?post=105"}],"version-history":[{"count":73,"href":"https:\/\/pullpistache.com\/index.php\/wp-json\/wp\/v2\/pages\/105\/revisions"}],"predecessor-version":[{"id":1543,"href":"https:\/\/pullpistache.com\/index.php\/wp-json\/wp\/v2\/pages\/105\/revisions\/1543"}],"wp:attachment":[{"href":"https:\/\/pullpistache.com\/index.php\/wp-json\/wp\/v2\/media?parent=105"}],"curies":[{"name":"wp","href":"https:\/\/api.w.org\/{rel}","templated":true}]}}