{"id":1492,"date":"2024-06-26T07:50:01","date_gmt":"2024-06-26T07:50:01","guid":{"rendered":"https:\/\/pullpistache.com\/?page_id=1492"},"modified":"2024-06-26T08:06:05","modified_gmt":"2024-06-26T08:06:05","slug":"reseau-marque-mode","status":"publish","type":"page","link":"https:\/\/pullpistache.com\/index.php\/reseau-marque-mode\/","title":{"rendered":"le RESEAU de pull pistache"},"content":{"rendered":"\n<h2 class=\"wp-block-heading\">A travers ses vid\u00e9os, son compte LinkedIn, ses recherches et ses rencontres, PULL PISTACHE vous donne des contacts utiles pour cr\u00e9er votre marque de mode. Les voici sur cette page !<\/h2>\n\n\n\n<p>Gr\u00e2ce au format vid\u00e9o \u00ab\u00a0Tisser des Liens\u00a0\u00bb, vous pouvez rencontrer des professionnels dans l&rsquo;univers de la mode pour cr\u00e9er votre marque et votre collection de v\u00eatement :<\/p>\n\n\n\n<div class=\"wp-block-columns is-layout-flex wp-container-core-columns-is-layout-1 wp-block-columns-is-layout-flex\">\n<div class=\"wp-block-column is-layout-flow wp-block-column-is-layout-flow\">\n<figure class=\"wp-block-embed is-type-video is-provider-youtube wp-block-embed-youtube wp-embed-aspect-16-9 wp-has-aspect-ratio\"><div class=\"wp-block-embed__wrapper\">\n<iframe title=\"Conseils juridiques pour cre\u0301er sa marque de mode : Glynnis MAKOUNDOU, avocate en Droit de la Mode\" width=\"500\" height=\"281\" src=\"https:\/\/www.youtube.com\/embed\/7jCHEo_5yHo?start=119&#038;feature=oembed\" frameborder=\"0\" allow=\"accelerometer; autoplay; clipboard-write; encrypted-media; gyroscope; picture-in-picture; web-share\" referrerpolicy=\"strict-origin-when-cross-origin\" allowfullscreen><\/iframe>\n<\/div><figcaption class=\"wp-element-caption\">Trouver une avocate qui propose des services sp\u00e9cialis\u00e9s pour les entrepreneurs dans la mode<br><a data-type=\"link\" data-id=\"https:\/\/makoundou-avocat.fr\/\" href=\"https:\/\/makoundou-avocat.fr\/\">\ud83d\udc49Glynnis Makoundou.<\/a><\/figcaption><\/figure>\n<\/div>\n\n\n\n<div class=\"wp-block-column is-layout-flow wp-block-column-is-layout-flow\">\n<figure class=\"wp-block-embed is-type-video is-provider-youtube wp-block-embed-youtube wp-embed-aspect-16-9 wp-has-aspect-ratio\"><div class=\"wp-block-embed__wrapper\">\n<iframe title=\"Textile Addict : LA plateforme pour vous aider \u00e0 cr\u00e9er votre marque de mode, d\u00e9co et accessoires\" width=\"500\" height=\"281\" src=\"https:\/\/www.youtube.com\/embed\/ZeYZq9iz3tg?list=PLOP2PErpSXvTKszkkFTwvFYMK_8X7Nc4c\" frameborder=\"0\" allow=\"accelerometer; autoplay; clipboard-write; encrypted-media; gyroscope; picture-in-picture; web-share\" referrerpolicy=\"strict-origin-when-cross-origin\" allowfullscreen><\/iframe>\n<\/div><figcaption class=\"wp-element-caption\">Trouver en free-lance des stylistes, mod\u00e9listes, graphistes sur la plateforme de  \ud83d\udc49<a data-type=\"link\" data-id=\"https:\/\/textileaddict.me\/\" href=\"https:\/\/textileaddict.me\/\">Textile Addict<\/a><\/figcaption><\/figure>\n<\/div>\n\n\n\n<div class=\"wp-block-column is-layout-flow wp-block-column-is-layout-flow\">\n<figure class=\"wp-block-embed is-type-video is-provider-youtube wp-block-embed-youtube wp-embed-aspect-16-9 wp-has-aspect-ratio\"><div class=\"wp-block-embed__wrapper\">\n<iframe title=\"@feat.coop : la coop\u00e9rative qui facilite l\u2019\u00e9mergence des alternatives textiles\" width=\"500\" height=\"281\" src=\"https:\/\/www.youtube.com\/embed\/nm0MDUZJHVc?list=PLOP2PErpSXvTKszkkFTwvFYMK_8X7Nc4c\" frameborder=\"0\" allow=\"accelerometer; autoplay; clipboard-write; encrypted-media; gyroscope; picture-in-picture; web-share\" referrerpolicy=\"strict-origin-when-cross-origin\" allowfullscreen><\/iframe>\n<\/div><figcaption class=\"wp-element-caption\">Trouver facilement des tissus issus des stocks dormants de la r\u00e9gion Rh\u00f4ne-Alpes avec <br>\ud83d\udc49<a data-type=\"link\" data-id=\"https:\/\/featcoop.shop\/\" href=\"https:\/\/featcoop.shop\/\">feat.coop<\/a><\/figcaption><\/figure>\n<\/div>\n<\/div>\n\n\n\n<p><strong>Pour encore plus de contacts, je vous invite \u00e0 suivre la page LinkedIn de PULL PISTACHE : des sujets d&rsquo;actualit\u00e9s, des ateliers de fabrication, des fournisseurs de tissus, des mod\u00e9listes&#8230;<\/strong><\/p>\n\n\n\n<div class=\"wp-block-buttons is-content-justification-center is-layout-flex wp-container-core-buttons-is-layout-1 wp-block-buttons-is-layout-flex\">\n<div class=\"wp-block-button\"><a class=\"wp-block-button__link wp-element-button\" href=\"https:\/\/fr.linkedin.com\/company\/pull-pistache?trk=public_post_feed-actor-name\">\ud83d\udc49 SUIVRE LA PAGE LINKEDIN DE PULL PISTACHE<\/a><\/div>\n<\/div>\n\n\n\n<p>Dans le r\u00e9seau de PULL PISTACHE, il y a aussi des personnes que je suis sur les r\u00e9seaux mais je ne les ai jamais personnellement rencontr\u00e9es. Je pense que les services que proposent ses personnes peuvent vous \u00eatre utiles. <strong>Je suis en train de pr\u00e9parer la liste <\/strong>\ud83d\ude07. Je vous laisserai ensuite le soin de juger par vous-m\u00eame, en fonction de votre besoin pr\u00e9cis. <\/p>\n\n\n\n<p>Gr\u00e2ce au blog de PULL PISTACHE, vous pouvez \u00e9galement d\u00e9couvrir :<\/p>\n\n\n\n<div class=\"wp-block-media-text alignwide has-media-on-the-right is-stacked-on-mobile has-background\" style=\"background-color:#f1f5c7;grid-template-columns:auto 37%\"><div class=\"wp-block-media-text__content\">\n<div class=\"wp-block-group is-layout-flow wp-block-group-is-layout-flow\" style=\"padding-top:2em;padding-right:2em;padding-bottom:2em;padding-left:2em\">\n<p style=\"font-size:clamp(22.041px, 1.378rem + ((1vw - 3.2px) * 1.322), 36px);line-height:1.2\"><strong><strong>Trouver des fournisseurs de tissus pour sa collection de v\u00eatement<\/strong><\/strong><\/p>\n\n\n\n<p class=\"has-extra-small-font-size\">\ud83d\udc49 <a data-type=\"link\" data-id=\"https:\/\/pullpistache.com\/index.php\/2021\/06\/25\/10-noms-de-fournisseurs-de-tissu-pour-creer-sa-marque-de-mode\/\" href=\"https:\/\/pullpistache.com\/index.php\/2021\/06\/25\/10-noms-de-fournisseurs-de-tissu-pour-creer-sa-marque-de-mode\/\">Lire l&rsquo;article<\/a><\/p>\n<\/div>\n<\/div><figure class=\"wp-block-media-text__media\"><img fetchpriority=\"high\" decoding=\"async\" width=\"564\" height=\"845\" src=\"http:\/\/pullpistache.com\/wp-content\/uploads\/2021\/06\/fournisseurs-de-tissus.jpg\" alt=\"fournisseur-tissu-marque-de-mode\" class=\"wp-image-1079 size-full\" srcset=\"https:\/\/pullpistache.com\/wp-content\/uploads\/2021\/06\/fournisseurs-de-tissus.jpg 564w, https:\/\/pullpistache.com\/wp-content\/uploads\/2021\/06\/fournisseurs-de-tissus-200x300.jpg 200w\" sizes=\"(max-width: 564px) 100vw, 564px\" \/><\/figure><\/div>\n\n\n\n<p>Vous travaillez dans la mode, l&rsquo;habillement et vos clients sont des jeunes cr\u00e9ateurs de marque de mode ? Contactez PULL PISTACHE pour organiser une rencontre et peut-\u00eatre faire une vid\u00e9o ensemble ! <\/p>\n\n\n\n<p>\ud83d\udc49hello@pullpistache.com<\/p>\n\n\n\n<p><\/p>\n","protected":false},"excerpt":{"rendered":"<p>A travers ses vid\u00e9os, son compte LinkedIn, ses recherches et ses rencontres, PULL PISTACHE vous donne des contacts utiles pour cr\u00e9er votre marque de mode. Les voici sur cette page ! Gr\u00e2ce au format vid\u00e9o \u00ab\u00a0Tisser des Liens\u00a0\u00bb, vous pouvez rencontrer des professionnels dans l&rsquo;univers de la mode pour cr\u00e9er votre marque et votre collection [&hellip;]<\/p>\n","protected":false},"author":1,"featured_media":0,"parent":0,"menu_order":0,"comment_status":"closed","ping_status":"closed","template":"","meta":{"saved_in_kubio":false,"footnotes":""},"kubio_ai_page_context":{"short_desc":"","purpose":"general"},"yoast_head":"<!-- This site is optimized with the Yoast SEO plugin v22.8 - https:\/\/yoast.com\/wordpress\/plugins\/seo\/ -->\n<title>le RESEAU de pull pistache POUR MARQUE DE MODE - PULL PISTACHE<\/title>\n<meta name=\"description\" content=\"PULL PISTACHE vous donne directement des contacts utiles pour cr\u00e9er votre marque de mode : juridique, fournisseurs de tissus, mod\u00e9listes...\" \/>\n<meta name=\"robots\" content=\"index, follow, max-snippet:-1, max-image-preview:large, max-video-preview:-1\" \/>\n<link rel=\"canonical\" href=\"https:\/\/pullpistache.com\/index.php\/reseau-marque-mode\/\" \/>\n<meta property=\"og:locale\" content=\"fr_FR\" \/>\n<meta property=\"og:type\" content=\"article\" \/>\n<meta property=\"og:title\" content=\"le RESEAU de pull pistache POUR MARQUE DE MODE - PULL PISTACHE\" \/>\n<meta property=\"og:description\" content=\"PULL PISTACHE vous donne directement des contacts utiles pour cr\u00e9er votre marque de mode : juridique, fournisseurs de tissus, mod\u00e9listes...\" \/>\n<meta property=\"og:url\" content=\"https:\/\/pullpistache.com\/index.php\/reseau-marque-mode\/\" \/>\n<meta property=\"og:site_name\" content=\"PULL PISTACHE\" \/>\n<meta property=\"article:publisher\" content=\"https:\/\/www.facebook.com\/pullpistache\/\" \/>\n<meta property=\"article:modified_time\" content=\"2024-06-26T08:06:05+00:00\" \/>\n<meta property=\"og:image\" content=\"http:\/\/pullpistache.com\/wp-content\/uploads\/2021\/06\/fournisseurs-de-tissus.jpg\" \/>\n<meta name=\"twitter:card\" content=\"summary_large_image\" \/>\n<meta name=\"twitter:label1\" content=\"Dur\u00e9e de lecture estim\u00e9e\" \/>\n\t<meta name=\"twitter:data1\" content=\"2 minutes\" \/>\n<script type=\"application\/ld+json\" class=\"yoast-schema-graph\">{\"@context\":\"https:\/\/schema.org\",\"@graph\":[{\"@type\":\"WebPage\",\"@id\":\"https:\/\/pullpistache.com\/index.php\/reseau-marque-mode\/\",\"url\":\"https:\/\/pullpistache.com\/index.php\/reseau-marque-mode\/\",\"name\":\"le RESEAU de pull pistache POUR MARQUE DE MODE - PULL PISTACHE\",\"isPartOf\":{\"@id\":\"https:\/\/pullpistache.com\/#website\"},\"primaryImageOfPage\":{\"@id\":\"https:\/\/pullpistache.com\/index.php\/reseau-marque-mode\/#primaryimage\"},\"image\":{\"@id\":\"https:\/\/pullpistache.com\/index.php\/reseau-marque-mode\/#primaryimage\"},\"thumbnailUrl\":\"http:\/\/pullpistache.com\/wp-content\/uploads\/2021\/06\/fournisseurs-de-tissus.jpg\",\"datePublished\":\"2024-06-26T07:50:01+00:00\",\"dateModified\":\"2024-06-26T08:06:05+00:00\",\"description\":\"PULL PISTACHE vous donne directement des contacts utiles pour cr\u00e9er votre marque de mode : juridique, fournisseurs de tissus, mod\u00e9listes...\",\"breadcrumb\":{\"@id\":\"https:\/\/pullpistache.com\/index.php\/reseau-marque-mode\/#breadcrumb\"},\"inLanguage\":\"fr-FR\",\"potentialAction\":[{\"@type\":\"ReadAction\",\"target\":[\"https:\/\/pullpistache.com\/index.php\/reseau-marque-mode\/\"]}]},{\"@type\":\"ImageObject\",\"inLanguage\":\"fr-FR\",\"@id\":\"https:\/\/pullpistache.com\/index.php\/reseau-marque-mode\/#primaryimage\",\"url\":\"https:\/\/pullpistache.com\/wp-content\/uploads\/2021\/06\/fournisseurs-de-tissus.jpg\",\"contentUrl\":\"https:\/\/pullpistache.com\/wp-content\/uploads\/2021\/06\/fournisseurs-de-tissus.jpg\",\"width\":564,\"height\":845,\"caption\":\"fournisseur de tissu marque de mode\"},{\"@type\":\"BreadcrumbList\",\"@id\":\"https:\/\/pullpistache.com\/index.php\/reseau-marque-mode\/#breadcrumb\",\"itemListElement\":[{\"@type\":\"ListItem\",\"position\":1,\"name\":\"Accueil\",\"item\":\"https:\/\/pullpistache.com\/\"},{\"@type\":\"ListItem\",\"position\":2,\"name\":\"le RESEAU de pull pistache\"}]},{\"@type\":\"WebSite\",\"@id\":\"https:\/\/pullpistache.com\/#website\",\"url\":\"https:\/\/pullpistache.com\/\",\"name\":\"PULL PISTACHE\",\"description\":\"Vous accompagner dans la cr\u00e9ation de votre collection de mode\",\"publisher\":{\"@id\":\"https:\/\/pullpistache.com\/#organization\"},\"potentialAction\":[{\"@type\":\"SearchAction\",\"target\":{\"@type\":\"EntryPoint\",\"urlTemplate\":\"https:\/\/pullpistache.com\/?s={search_term_string}\"},\"query-input\":\"required name=search_term_string\"}],\"inLanguage\":\"fr-FR\"},{\"@type\":\"Organization\",\"@id\":\"https:\/\/pullpistache.com\/#organization\",\"name\":\"PULL PISTACHE\",\"url\":\"https:\/\/pullpistache.com\/\",\"logo\":{\"@type\":\"ImageObject\",\"inLanguage\":\"fr-FR\",\"@id\":\"https:\/\/pullpistache.com\/#\/schema\/logo\/image\/\",\"url\":\"https:\/\/pullpistache.com\/wp-content\/uploads\/2021\/03\/cropped-Logo-Pull-Pistache-icone-02.png\",\"contentUrl\":\"https:\/\/pullpistache.com\/wp-content\/uploads\/2021\/03\/cropped-Logo-Pull-Pistache-icone-02.png\",\"width\":252,\"height\":250,\"caption\":\"PULL PISTACHE\"},\"image\":{\"@id\":\"https:\/\/pullpistache.com\/#\/schema\/logo\/image\/\"},\"sameAs\":[\"https:\/\/www.facebook.com\/pullpistache\/\",\"https:\/\/www.instagram.com\/pull.pistache\/\",\"https:\/\/www.youtube.com\/pullpistache\",\"https:\/\/www.pinterest.fr\/pullpistache\/\"]}]}<\/script>\n<!-- \/ Yoast SEO plugin. -->","yoast_head_json":{"title":"le RESEAU de pull pistache POUR MARQUE DE MODE - PULL PISTACHE","description":"PULL PISTACHE vous donne directement des contacts utiles pour cr\u00e9er votre marque de mode : juridique, fournisseurs de tissus, mod\u00e9listes...","robots":{"index":"index","follow":"follow","max-snippet":"max-snippet:-1","max-image-preview":"max-image-preview:large","max-video-preview":"max-video-preview:-1"},"canonical":"https:\/\/pullpistache.com\/index.php\/reseau-marque-mode\/","og_locale":"fr_FR","og_type":"article","og_title":"le RESEAU de pull pistache POUR MARQUE DE MODE - PULL PISTACHE","og_description":"PULL PISTACHE vous donne directement des contacts utiles pour cr\u00e9er votre marque de mode : juridique, fournisseurs de tissus, mod\u00e9listes...","og_url":"https:\/\/pullpistache.com\/index.php\/reseau-marque-mode\/","og_site_name":"PULL PISTACHE","article_publisher":"https:\/\/www.facebook.com\/pullpistache\/","article_modified_time":"2024-06-26T08:06:05+00:00","og_image":[{"url":"http:\/\/pullpistache.com\/wp-content\/uploads\/2021\/06\/fournisseurs-de-tissus.jpg"}],"twitter_card":"summary_large_image","twitter_misc":{"Dur\u00e9e de lecture estim\u00e9e":"2 minutes"},"schema":{"@context":"https:\/\/schema.org","@graph":[{"@type":"WebPage","@id":"https:\/\/pullpistache.com\/index.php\/reseau-marque-mode\/","url":"https:\/\/pullpistache.com\/index.php\/reseau-marque-mode\/","name":"le RESEAU de pull pistache POUR MARQUE DE MODE - PULL PISTACHE","isPartOf":{"@id":"https:\/\/pullpistache.com\/#website"},"primaryImageOfPage":{"@id":"https:\/\/pullpistache.com\/index.php\/reseau-marque-mode\/#primaryimage"},"image":{"@id":"https:\/\/pullpistache.com\/index.php\/reseau-marque-mode\/#primaryimage"},"thumbnailUrl":"http:\/\/pullpistache.com\/wp-content\/uploads\/2021\/06\/fournisseurs-de-tissus.jpg","datePublished":"2024-06-26T07:50:01+00:00","dateModified":"2024-06-26T08:06:05+00:00","description":"PULL PISTACHE vous donne directement des contacts utiles pour cr\u00e9er votre marque de mode : juridique, fournisseurs de tissus, mod\u00e9listes...","breadcrumb":{"@id":"https:\/\/pullpistache.com\/index.php\/reseau-marque-mode\/#breadcrumb"},"inLanguage":"fr-FR","potentialAction":[{"@type":"ReadAction","target":["https:\/\/pullpistache.com\/index.php\/reseau-marque-mode\/"]}]},{"@type":"ImageObject","inLanguage":"fr-FR","@id":"https:\/\/pullpistache.com\/index.php\/reseau-marque-mode\/#primaryimage","url":"https:\/\/pullpistache.com\/wp-content\/uploads\/2021\/06\/fournisseurs-de-tissus.jpg","contentUrl":"https:\/\/pullpistache.com\/wp-content\/uploads\/2021\/06\/fournisseurs-de-tissus.jpg","width":564,"height":845,"caption":"fournisseur de tissu marque de mode"},{"@type":"BreadcrumbList","@id":"https:\/\/pullpistache.com\/index.php\/reseau-marque-mode\/#breadcrumb","itemListElement":[{"@type":"ListItem","position":1,"name":"Accueil","item":"https:\/\/pullpistache.com\/"},{"@type":"ListItem","position":2,"name":"le RESEAU de pull pistache"}]},{"@type":"WebSite","@id":"https:\/\/pullpistache.com\/#website","url":"https:\/\/pullpistache.com\/","name":"PULL PISTACHE","description":"Vous accompagner dans la cr\u00e9ation de votre collection de mode","publisher":{"@id":"https:\/\/pullpistache.com\/#organization"},"potentialAction":[{"@type":"SearchAction","target":{"@type":"EntryPoint","urlTemplate":"https:\/\/pullpistache.com\/?s={search_term_string}"},"query-input":"required name=search_term_string"}],"inLanguage":"fr-FR"},{"@type":"Organization","@id":"https:\/\/pullpistache.com\/#organization","name":"PULL PISTACHE","url":"https:\/\/pullpistache.com\/","logo":{"@type":"ImageObject","inLanguage":"fr-FR","@id":"https:\/\/pullpistache.com\/#\/schema\/logo\/image\/","url":"https:\/\/pullpistache.com\/wp-content\/uploads\/2021\/03\/cropped-Logo-Pull-Pistache-icone-02.png","contentUrl":"https:\/\/pullpistache.com\/wp-content\/uploads\/2021\/03\/cropped-Logo-Pull-Pistache-icone-02.png","width":252,"height":250,"caption":"PULL PISTACHE"},"image":{"@id":"https:\/\/pullpistache.com\/#\/schema\/logo\/image\/"},"sameAs":["https:\/\/www.facebook.com\/pullpistache\/","https:\/\/www.instagram.com\/pull.pistache\/","https:\/\/www.youtube.com\/pullpistache","https:\/\/www.pinterest.fr\/pullpistache\/"]}]}},"_links":{"self":[{"href":"https:\/\/pullpistache.com\/index.php\/wp-json\/wp\/v2\/pages\/1492"}],"collection":[{"href":"https:\/\/pullpistache.com\/index.php\/wp-json\/wp\/v2\/pages"}],"about":[{"href":"https:\/\/pullpistache.com\/index.php\/wp-json\/wp\/v2\/types\/page"}],"author":[{"embeddable":true,"href":"https:\/\/pullpistache.com\/index.php\/wp-json\/wp\/v2\/users\/1"}],"replies":[{"embeddable":true,"href":"https:\/\/pullpistache.com\/index.php\/wp-json\/wp\/v2\/comments?post=1492"}],"version-history":[{"count":12,"href":"https:\/\/pullpistache.com\/index.php\/wp-json\/wp\/v2\/pages\/1492\/revisions"}],"predecessor-version":[{"id":1506,"href":"https:\/\/pullpistache.com\/index.php\/wp-json\/wp\/v2\/pages\/1492\/revisions\/1506"}],"wp:attachment":[{"href":"https:\/\/pullpistache.com\/index.php\/wp-json\/wp\/v2\/media?parent=1492"}],"curies":[{"name":"wp","href":"https:\/\/api.w.org\/{rel}","templated":true}]}}