{"id":20,"date":"2018-02-12T14:47:11","date_gmt":"2018-02-12T14:47:11","guid":{"rendered":"http:\/\/pullpistache.com\/index.php\/about\/"},"modified":"2024-06-25T19:28:07","modified_gmt":"2024-06-25T19:28:07","slug":"about","status":"publish","type":"page","link":"https:\/\/pullpistache.com\/index.php\/about\/","title":{"rendered":"A propos de pull pistache"},"content":{"rendered":"\t\t<div data-elementor-type=\"wp-post\" data-elementor-id=\"20\" class=\"elementor elementor-20\">\n\t\t\t\t\t\t<section class=\"elementor-section elementor-top-section elementor-element elementor-element-4077da5b elementor-section-content-bottom elementor-section-boxed elementor-section-height-default elementor-section-height-default\" data-id=\"4077da5b\" data-element_type=\"section\" data-settings=\"{&quot;background_background&quot;:&quot;classic&quot;}\">\n\t\t\t\t\t\t\t<div class=\"elementor-background-overlay\"><\/div>\n\t\t\t\t\t\t\t<div class=\"elementor-container elementor-column-gap-extended\">\n\t\t\t\t\t<div class=\"elementor-column elementor-col-100 elementor-top-column elementor-element elementor-element-599a9678\" data-id=\"599a9678\" data-element_type=\"column\">\n\t\t\t<div class=\"elementor-widget-wrap elementor-element-populated\">\n\t\t\t\t\t\t\t<\/div>\n\t\t<\/div>\n\t\t\t\t\t<\/div>\n\t\t<\/section>\n\t\t\t\t<section class=\"elementor-section elementor-top-section elementor-element elementor-element-53b28d2d elementor-section-content-middle elementor-section-boxed elementor-section-height-default elementor-section-height-default\" data-id=\"53b28d2d\" data-element_type=\"section\">\n\t\t\t\t\t\t<div class=\"elementor-container elementor-column-gap-no\">\n\t\t\t\t\t<div class=\"elementor-column elementor-col-100 elementor-top-column elementor-element elementor-element-1d5dcda9\" data-id=\"1d5dcda9\" data-element_type=\"column\">\n\t\t\t<div class=\"elementor-widget-wrap elementor-element-populated\">\n\t\t\t\t\t\t<div class=\"elementor-element elementor-element-3fb36a3c elementor-widget elementor-widget-heading\" data-id=\"3fb36a3c\" data-element_type=\"widget\" data-widget_type=\"heading.default\">\n\t\t\t\t<div class=\"elementor-widget-container\">\n\t\t\t\t\t<h2 class=\"elementor-heading-title elementor-size-default\">L'histoire de PULL PISTACHE<\/h2>\t\t\t\t<\/div>\n\t\t\t\t<\/div>\n\t\t\t\t<div class=\"elementor-element elementor-element-1fa69725 elementor-widget elementor-widget-text-editor\" data-id=\"1fa69725\" data-element_type=\"widget\" data-widget_type=\"text-editor.default\">\n\t\t\t\t<div class=\"elementor-widget-container\">\n\t\t\t\t\t\t\t\t\t<p>Pull Pistache est dipl\u00f4m\u00e9e en stylisme-mod\u00e9lisme \u00e0 ESMOD apr\u00e8s avoir effectu\u00e9 une licence de commerce \u00e0 Madrid. Parce qu&rsquo;elle aime regarder le comportement des gens qui l&rsquo;entourent, elle a poursuivi des \u00e9tudes en master marketing, vente \u00e0 l&rsquo;IAE de Lyon.\u00a0<\/p>\t\t\t\t\t\t\t\t<\/div>\n\t\t\t\t<\/div>\n\t\t\t\t<section class=\"elementor-section elementor-inner-section elementor-element elementor-element-4bfb19a9 elementor-section-content-top elementor-section-boxed elementor-section-height-default elementor-section-height-default\" data-id=\"4bfb19a9\" data-element_type=\"section\">\n\t\t\t\t\t\t<div class=\"elementor-container elementor-column-gap-no\">\n\t\t\t\t\t<div class=\"elementor-column elementor-col-50 elementor-inner-column elementor-element elementor-element-1cb47a82\" data-id=\"1cb47a82\" data-element_type=\"column\">\n\t\t\t<div class=\"elementor-widget-wrap elementor-element-populated\">\n\t\t\t\t\t\t<div class=\"elementor-element elementor-element-7eca9c8a elementor-widget elementor-widget-text-editor\" data-id=\"7eca9c8a\" data-element_type=\"widget\" data-widget_type=\"text-editor.default\">\n\t\t\t\t<div class=\"elementor-widget-container\">\n\t\t\t\t\t\t\t\t\t<p>\u00ab\u00a0Entre les deux ton c\u0153ur balance\u00a0\u00bb\u00a0<span style=\"font-size: 1rem;\">m&rsquo;a une fois dit un membre (tr\u00e8s) proche de la famille. Une phrase qui m&rsquo;a marqu\u00e9e car il me plaisait de faire ces deux formations qui, selon moi, se compl\u00e8tent dans le monde professionnel : le marketing pour vendre et la fabrication pour cr\u00e9er.\u00a0<\/span><\/p><p><span style=\"font-size: 1rem;\">Mon parcours est atypique selon certaines entreprises mais il me permet aujourd&rsquo;hui d&rsquo;avoir une vue d&rsquo;ensemble <\/span><span style=\"font-size: 1rem;\">\u00a0<\/span><span style=\"font-size: 1rem;\">sur la cr\u00e9ation d&rsquo;une collection\u00a0<\/span><span style=\"font-size: 1rem;\">(<\/span><em style=\"font-size: 1rem;\">p<\/em><span style=\"font-size: 1rem;\"><em>ar contre, pour la comptabilit\u00e9, faut m&rsquo;oublier hein<\/em>)<\/span><span style=\"font-size: 1rem;\">.\u00a0<\/span><\/p>\t\t\t\t\t\t\t\t<\/div>\n\t\t\t\t<\/div>\n\t\t\t\t<div class=\"elementor-element elementor-element-b50d226 elementor-widget elementor-widget-text-editor\" data-id=\"b50d226\" data-element_type=\"widget\" data-widget_type=\"text-editor.default\">\n\t\t\t\t<div class=\"elementor-widget-container\">\n\t\t\t\t\t\t\t\t\t<p>Je travaille actuellement en tant que coordinatrice marketing et commerciale au sein d&rsquo;une PME. Ce travail me pla\u00eet \u00e9norm\u00e9ment (pr\u00e9sence du logo, cr\u00e9ation de vid\u00e9o, mise \u00e0 jour du site internet, organisation de salon&#8230;)<\/p>\t\t\t\t\t\t\t\t<\/div>\n\t\t\t\t<\/div>\n\t\t\t\t\t<\/div>\n\t\t<\/div>\n\t\t\t\t<div class=\"elementor-column elementor-col-50 elementor-inner-column elementor-element elementor-element-5612b40e\" data-id=\"5612b40e\" data-element_type=\"column\">\n\t\t\t<div class=\"elementor-widget-wrap elementor-element-populated\">\n\t\t\t\t\t\t<div class=\"elementor-element elementor-element-6bc3563 elementor-widget elementor-widget-text-editor\" data-id=\"6bc3563\" data-element_type=\"widget\" data-widget_type=\"text-editor.default\">\n\t\t\t\t<div class=\"elementor-widget-container\">\n\t\t\t\t\t\t\t\t\t<p>A travers mes 8 ann\u00e9es d&rsquo;\u00e9tudes (<em>oui, 2 licences et un master, \u00e7a prend un peu de temps),<\/em> j&rsquo;ai toujours cr\u00e9e des v\u00eatements pour des amies : mariage, robe de cocktails, enfants&#8230; Et puis il y a une chanteuse professionnelle pour laquelle je confectionne les costumes de sc\u00e8ne (groupe, album, duo&#8230;) depuis plus de 5 ans. Elle vient d&rsquo;en faire une vid\u00e9o d&rsquo;ailleurs&#8230;<\/p>\n<p>Mon exp\u00e9rience ?<\/p>\n<p><span style=\"font-size: 1rem;\">Je ne souhaite pas pr\u00e9tendre avoir une exp\u00e9rience de 30 ans. En revanche, je suis entour\u00e9e par des personnes magnifiques dans le milieu de la mode,&nbsp; je sais aussi observer&nbsp; et je tire des le\u00e7ons de mes exp\u00e9riences (Fashion Week, couture sur mesure, haut-de-gamme, costumes de sc\u00e8nes, industrie du textile&#8230;). De plus, j&rsquo;ai mont\u00e9 plus de 60 vid\u00e9os pour 5000 abonn\u00e9s qui aiment la fa\u00e7on dont j&rsquo;explique et je forme. Ca doit bien \u00eatre utile, non ?<\/span><\/p>\t\t\t\t\t\t\t\t<\/div>\n\t\t\t\t<\/div>\n\t\t\t\t\t<\/div>\n\t\t<\/div>\n\t\t\t\t\t<\/div>\n\t\t<\/section>\n\t\t\t\t\t<\/div>\n\t\t<\/div>\n\t\t\t\t\t<\/div>\n\t\t<\/section>\n\t\t\t\t<\/div>\n\t\t","protected":false},"excerpt":{"rendered":"<p>L&rsquo;histoire de PULL PISTACHE Pull Pistache est dipl\u00f4m\u00e9e en stylisme-mod\u00e9lisme \u00e0 ESMOD apr\u00e8s avoir effectu\u00e9 une licence de commerce \u00e0 Madrid. Parce qu&rsquo;elle aime regarder le comportement des gens qui l&rsquo;entourent, elle a poursuivi des \u00e9tudes en master marketing, vente \u00e0 l&rsquo;IAE de Lyon.\u00a0 \u00ab\u00a0Entre les deux ton c\u0153ur balance\u00a0\u00bb\u00a0m&rsquo;a une fois dit un membre [&hellip;]<\/p>\n","protected":false},"author":1,"featured_media":0,"parent":0,"menu_order":0,"comment_status":"closed","ping_status":"closed","template":"","meta":{"saved_in_kubio":true,"footnotes":""},"kubio_ai_page_context":{"short_desc":"","purpose":"general"},"yoast_head":"<!-- This site is optimized with the Yoast SEO plugin v22.8 - https:\/\/yoast.com\/wordpress\/plugins\/seo\/ -->\n<title>A propos de pull pistache - PULL PISTACHE<\/title>\n<meta name=\"description\" content=\"Dipl\u00f4m\u00e9e en stylisme, mod\u00e9lisme et marketing, PULL PISTACHE vous conseille dans la cr\u00e9ation de votre marque de mode avec des vid\u00e9os et des kits pour d\u00e9butants.\" \/>\n<meta name=\"robots\" content=\"index, follow, max-snippet:-1, max-image-preview:large, max-video-preview:-1\" \/>\n<link rel=\"canonical\" href=\"https:\/\/pullpistache.com\/index.php\/about\/\" \/>\n<meta property=\"og:locale\" content=\"fr_FR\" \/>\n<meta property=\"og:type\" content=\"article\" \/>\n<meta property=\"og:title\" content=\"A propos de pull pistache - PULL PISTACHE\" \/>\n<meta property=\"og:description\" content=\"Dipl\u00f4m\u00e9e en stylisme, mod\u00e9lisme et marketing, PULL PISTACHE vous conseille dans la cr\u00e9ation de votre marque de mode avec des vid\u00e9os et des kits pour d\u00e9butants.\" \/>\n<meta property=\"og:url\" content=\"https:\/\/pullpistache.com\/index.php\/about\/\" \/>\n<meta property=\"og:site_name\" content=\"PULL PISTACHE\" \/>\n<meta property=\"article:publisher\" content=\"https:\/\/www.facebook.com\/pullpistache\/\" \/>\n<meta property=\"article:modified_time\" content=\"2024-06-25T19:28:07+00:00\" \/>\n<meta name=\"twitter:card\" content=\"summary_large_image\" \/>\n<meta name=\"twitter:label1\" content=\"Dur\u00e9e de lecture estim\u00e9e\" \/>\n\t<meta name=\"twitter:data1\" content=\"2 minutes\" \/>\n<script type=\"application\/ld+json\" class=\"yoast-schema-graph\">{\"@context\":\"https:\/\/schema.org\",\"@graph\":[{\"@type\":\"WebPage\",\"@id\":\"https:\/\/pullpistache.com\/index.php\/about\/\",\"url\":\"https:\/\/pullpistache.com\/index.php\/about\/\",\"name\":\"A propos de pull pistache - PULL PISTACHE\",\"isPartOf\":{\"@id\":\"https:\/\/pullpistache.com\/#website\"},\"datePublished\":\"2018-02-12T14:47:11+00:00\",\"dateModified\":\"2024-06-25T19:28:07+00:00\",\"description\":\"Dipl\u00f4m\u00e9e en stylisme, mod\u00e9lisme et marketing, PULL PISTACHE vous conseille dans la cr\u00e9ation de votre marque de mode avec des vid\u00e9os et des kits pour d\u00e9butants.\",\"breadcrumb\":{\"@id\":\"https:\/\/pullpistache.com\/index.php\/about\/#breadcrumb\"},\"inLanguage\":\"fr-FR\",\"potentialAction\":[{\"@type\":\"ReadAction\",\"target\":[\"https:\/\/pullpistache.com\/index.php\/about\/\"]}]},{\"@type\":\"BreadcrumbList\",\"@id\":\"https:\/\/pullpistache.com\/index.php\/about\/#breadcrumb\",\"itemListElement\":[{\"@type\":\"ListItem\",\"position\":1,\"name\":\"Accueil\",\"item\":\"https:\/\/pullpistache.com\/\"},{\"@type\":\"ListItem\",\"position\":2,\"name\":\"A propos de pull pistache\"}]},{\"@type\":\"WebSite\",\"@id\":\"https:\/\/pullpistache.com\/#website\",\"url\":\"https:\/\/pullpistache.com\/\",\"name\":\"PULL PISTACHE\",\"description\":\"Vous accompagner dans la cr\u00e9ation de votre collection de mode\",\"publisher\":{\"@id\":\"https:\/\/pullpistache.com\/#organization\"},\"potentialAction\":[{\"@type\":\"SearchAction\",\"target\":{\"@type\":\"EntryPoint\",\"urlTemplate\":\"https:\/\/pullpistache.com\/?s={search_term_string}\"},\"query-input\":\"required name=search_term_string\"}],\"inLanguage\":\"fr-FR\"},{\"@type\":\"Organization\",\"@id\":\"https:\/\/pullpistache.com\/#organization\",\"name\":\"PULL PISTACHE\",\"url\":\"https:\/\/pullpistache.com\/\",\"logo\":{\"@type\":\"ImageObject\",\"inLanguage\":\"fr-FR\",\"@id\":\"https:\/\/pullpistache.com\/#\/schema\/logo\/image\/\",\"url\":\"https:\/\/pullpistache.com\/wp-content\/uploads\/2021\/03\/cropped-Logo-Pull-Pistache-icone-02.png\",\"contentUrl\":\"https:\/\/pullpistache.com\/wp-content\/uploads\/2021\/03\/cropped-Logo-Pull-Pistache-icone-02.png\",\"width\":252,\"height\":250,\"caption\":\"PULL PISTACHE\"},\"image\":{\"@id\":\"https:\/\/pullpistache.com\/#\/schema\/logo\/image\/\"},\"sameAs\":[\"https:\/\/www.facebook.com\/pullpistache\/\",\"https:\/\/www.instagram.com\/pull.pistache\/\",\"https:\/\/www.youtube.com\/pullpistache\",\"https:\/\/www.pinterest.fr\/pullpistache\/\"]}]}<\/script>\n<!-- \/ Yoast SEO plugin. -->","yoast_head_json":{"title":"A propos de pull pistache - PULL PISTACHE","description":"Dipl\u00f4m\u00e9e en stylisme, mod\u00e9lisme et marketing, PULL PISTACHE vous conseille dans la cr\u00e9ation de votre marque de mode avec des vid\u00e9os et des kits pour d\u00e9butants.","robots":{"index":"index","follow":"follow","max-snippet":"max-snippet:-1","max-image-preview":"max-image-preview:large","max-video-preview":"max-video-preview:-1"},"canonical":"https:\/\/pullpistache.com\/index.php\/about\/","og_locale":"fr_FR","og_type":"article","og_title":"A propos de pull pistache - PULL PISTACHE","og_description":"Dipl\u00f4m\u00e9e en stylisme, mod\u00e9lisme et marketing, PULL PISTACHE vous conseille dans la cr\u00e9ation de votre marque de mode avec des vid\u00e9os et des kits pour d\u00e9butants.","og_url":"https:\/\/pullpistache.com\/index.php\/about\/","og_site_name":"PULL PISTACHE","article_publisher":"https:\/\/www.facebook.com\/pullpistache\/","article_modified_time":"2024-06-25T19:28:07+00:00","twitter_card":"summary_large_image","twitter_misc":{"Dur\u00e9e de lecture estim\u00e9e":"2 minutes"},"schema":{"@context":"https:\/\/schema.org","@graph":[{"@type":"WebPage","@id":"https:\/\/pullpistache.com\/index.php\/about\/","url":"https:\/\/pullpistache.com\/index.php\/about\/","name":"A propos de pull pistache - PULL PISTACHE","isPartOf":{"@id":"https:\/\/pullpistache.com\/#website"},"datePublished":"2018-02-12T14:47:11+00:00","dateModified":"2024-06-25T19:28:07+00:00","description":"Dipl\u00f4m\u00e9e en stylisme, mod\u00e9lisme et marketing, PULL PISTACHE vous conseille dans la cr\u00e9ation de votre marque de mode avec des vid\u00e9os et des kits pour d\u00e9butants.","breadcrumb":{"@id":"https:\/\/pullpistache.com\/index.php\/about\/#breadcrumb"},"inLanguage":"fr-FR","potentialAction":[{"@type":"ReadAction","target":["https:\/\/pullpistache.com\/index.php\/about\/"]}]},{"@type":"BreadcrumbList","@id":"https:\/\/pullpistache.com\/index.php\/about\/#breadcrumb","itemListElement":[{"@type":"ListItem","position":1,"name":"Accueil","item":"https:\/\/pullpistache.com\/"},{"@type":"ListItem","position":2,"name":"A propos de pull pistache"}]},{"@type":"WebSite","@id":"https:\/\/pullpistache.com\/#website","url":"https:\/\/pullpistache.com\/","name":"PULL PISTACHE","description":"Vous accompagner dans la cr\u00e9ation de votre collection de mode","publisher":{"@id":"https:\/\/pullpistache.com\/#organization"},"potentialAction":[{"@type":"SearchAction","target":{"@type":"EntryPoint","urlTemplate":"https:\/\/pullpistache.com\/?s={search_term_string}"},"query-input":"required name=search_term_string"}],"inLanguage":"fr-FR"},{"@type":"Organization","@id":"https:\/\/pullpistache.com\/#organization","name":"PULL PISTACHE","url":"https:\/\/pullpistache.com\/","logo":{"@type":"ImageObject","inLanguage":"fr-FR","@id":"https:\/\/pullpistache.com\/#\/schema\/logo\/image\/","url":"https:\/\/pullpistache.com\/wp-content\/uploads\/2021\/03\/cropped-Logo-Pull-Pistache-icone-02.png","contentUrl":"https:\/\/pullpistache.com\/wp-content\/uploads\/2021\/03\/cropped-Logo-Pull-Pistache-icone-02.png","width":252,"height":250,"caption":"PULL PISTACHE"},"image":{"@id":"https:\/\/pullpistache.com\/#\/schema\/logo\/image\/"},"sameAs":["https:\/\/www.facebook.com\/pullpistache\/","https:\/\/www.instagram.com\/pull.pistache\/","https:\/\/www.youtube.com\/pullpistache","https:\/\/www.pinterest.fr\/pullpistache\/"]}]}},"_links":{"self":[{"href":"https:\/\/pullpistache.com\/index.php\/wp-json\/wp\/v2\/pages\/20"}],"collection":[{"href":"https:\/\/pullpistache.com\/index.php\/wp-json\/wp\/v2\/pages"}],"about":[{"href":"https:\/\/pullpistache.com\/index.php\/wp-json\/wp\/v2\/types\/page"}],"author":[{"embeddable":true,"href":"https:\/\/pullpistache.com\/index.php\/wp-json\/wp\/v2\/users\/1"}],"replies":[{"embeddable":true,"href":"https:\/\/pullpistache.com\/index.php\/wp-json\/wp\/v2\/comments?post=20"}],"version-history":[{"count":42,"href":"https:\/\/pullpistache.com\/index.php\/wp-json\/wp\/v2\/pages\/20\/revisions"}],"predecessor-version":[{"id":1463,"href":"https:\/\/pullpistache.com\/index.php\/wp-json\/wp\/v2\/pages\/20\/revisions\/1463"}],"wp:attachment":[{"href":"https:\/\/pullpistache.com\/index.php\/wp-json\/wp\/v2\/media?parent=20"}],"curies":[{"name":"wp","href":"https:\/\/api.w.org\/{rel}","templated":true}]}}